{"id":7202,"date":"2021-11-29T11:13:06","date_gmt":"2021-11-29T08:13:06","guid":{"rendered":"https:\/\/www.univ-chlef.dz\/fsnv\/?page_id=7202"},"modified":"2022-02-10T21:13:43","modified_gmt":"2022-02-10T18:13:43","slug":"memoire-de-fin-detude","status":"publish","type":"page","link":"https:\/\/fsnv.univ-chlef.dz\/?page_id=7202","title":{"rendered":"M\u00e9moire de fin d\u2019\u00e9tude"},"content":{"rendered":"\n<p><span class=\"has-inline-color has-vivid-red-color\"><strong>R\u00e9sum\u00e9 des meilleurs m\u00e9moires de fin d&rsquo;\u00e9tude<\/strong><\/span><\/p>\n\n\n\n<div data-wp-interactive=\"core\/file\" class=\"wp-block-file\"><object data-wp-bind--hidden=\"!state.hasPdfPreview\" hidden class=\"wp-block-file__embed\" data=\"https:\/\/fsnv.univ-chlef.dz\/wp-content\/uploads\/Resume-de-Memoire-de-Master-_-Microbiologie.pdf\" type=\"application\/pdf\" style=\"width:100%;height:600px\" aria-label=\"Contenu embarqu\u00e9 Contenu embarqu\u00e9 R\u00e9sum\u00e9 de Memoire de Master _ Microbiologie..\"><\/object><a href=\"https:\/\/fsnv.univ-chlef.dz\/wp-content\/uploads\/Resume-de-Memoire-de-Master-_-Microbiologie.pdf\">R\u00e9sum\u00e9 de Memoire de Master _ Microbiologie<\/a><a href=\"https:\/\/fsnv.univ-chlef.dz\/wp-content\/uploads\/Resume-de-Memoire-de-Master-_-Microbiologie.pdf\" class=\"wp-block-file__button\" download>T\u00e9l\u00e9charger<\/a><\/div>\n\n\n\n<div data-wp-interactive=\"core\/file\" class=\"wp-block-file\"><object data-wp-bind--hidden=\"!state.hasPdfPreview\" hidden class=\"wp-block-file__embed\" data=\"https:\/\/fsnv.univ-chlef.dz\/wp-content\/uploads\/Resume-de-Memoire.pdf\" type=\"application\/pdf\" style=\"width:100%;height:600px\" aria-label=\"Contenu embarqu\u00e9 Contenu embarqu\u00e9 R\u00e9sum\u00e9 de Memoire..\"><\/object><a href=\"https:\/\/fsnv.univ-chlef.dz\/wp-content\/uploads\/Resume-de-Memoire.pdf\">R\u00e9sum\u00e9 de Memoire<\/a><a href=\"https:\/\/fsnv.univ-chlef.dz\/wp-content\/uploads\/Resume-de-Memoire.pdf\" class=\"wp-block-file__button\" download>T\u00e9l\u00e9charger<\/a><\/div>\n","protected":false},"excerpt":{"rendered":"<p>R\u00e9sum\u00e9 des meilleurs m\u00e9moires de fin d&rsquo;\u00e9tude<\/p>\n","protected":false},"author":1,"featured_media":0,"parent":268,"menu_order":0,"comment_status":"closed","ping_status":"closed","template":"","meta":{"_uag_custom_page_level_css":"","site-sidebar-layout":"default","site-content-layout":"","ast-site-content-layout":"default","site-content-style":"default","site-sidebar-style":"default","ast-global-header-display":"","ast-banner-title-visibility":"","ast-main-header-display":"","ast-hfb-above-header-display":"","ast-hfb-below-header-display":"","ast-hfb-mobile-header-display":"","site-post-title":"","ast-breadcrumbs-content":"","ast-featured-img":"","footer-sml-layout":"","ast-disable-related-posts":"","theme-transparent-header-meta":"","adv-header-id-meta":"","stick-header-meta":"","header-above-stick-meta":"","header-main-stick-meta":"","header-below-stick-meta":"","astra-migrate-meta-layouts":"default","ast-page-background-enabled":"default","ast-page-background-meta":{"desktop":{"background-color":"var(--ast-global-color-5)","background-image":"","background-repeat":"repeat","background-position":"center center","background-size":"auto","background-attachment":"scroll","background-type":"","background-media":"","overlay-type":"","overlay-color":"","overlay-opacity":"","overlay-gradient":""},"tablet":{"background-color":"","background-image":"","background-repeat":"repeat","background-position":"center center","background-size":"auto","background-attachment":"scroll","background-type":"","background-media":"","overlay-type":"","overlay-color":"","overlay-opacity":"","overlay-gradient":""},"mobile":{"background-color":"","background-image":"","background-repeat":"repeat","background-position":"center center","background-size":"auto","background-attachment":"scroll","background-type":"","background-media":"","overlay-type":"","overlay-color":"","overlay-opacity":"","overlay-gradient":""}},"ast-content-background-meta":{"desktop":{"background-color":"var(--ast-global-color-4)","background-image":"","background-repeat":"repeat","background-position":"center center","background-size":"auto","background-attachment":"scroll","background-type":"","background-media":"","overlay-type":"","overlay-color":"","overlay-opacity":"","overlay-gradient":""},"tablet":{"background-color":"var(--ast-global-color-4)","background-image":"","background-repeat":"repeat","background-position":"center center","background-size":"auto","background-attachment":"scroll","background-type":"","background-media":"","overlay-type":"","overlay-color":"","overlay-opacity":"","overlay-gradient":""},"mobile":{"background-color":"var(--ast-global-color-4)","background-image":"","background-repeat":"repeat","background-position":"center center","background-size":"auto","background-attachment":"scroll","background-type":"","background-media":"","overlay-type":"","overlay-color":"","overlay-opacity":"","overlay-gradient":""}},"footnotes":""},"class_list":["post-7202","page","type-page","status-publish","hentry"],"uagb_featured_image_src":{"full":false,"thumbnail":false,"medium":false,"medium_large":false,"large":false,"1536x1536":false,"2048x2048":false},"uagb_author_info":{"display_name":"adminfsnv82","author_link":"https:\/\/fsnv.univ-chlef.dz\/?author=1"},"uagb_comment_info":0,"uagb_excerpt":"R\u00e9sum\u00e9 des meilleurs m\u00e9moires de fin d&rsquo;\u00e9tude","_links":{"self":[{"href":"https:\/\/fsnv.univ-chlef.dz\/index.php?rest_route=\/wp\/v2\/pages\/7202","targetHints":{"allow":["GET"]}}],"collection":[{"href":"https:\/\/fsnv.univ-chlef.dz\/index.php?rest_route=\/wp\/v2\/pages"}],"about":[{"href":"https:\/\/fsnv.univ-chlef.dz\/index.php?rest_route=\/wp\/v2\/types\/page"}],"author":[{"embeddable":true,"href":"https:\/\/fsnv.univ-chlef.dz\/index.php?rest_route=\/wp\/v2\/users\/1"}],"replies":[{"embeddable":true,"href":"https:\/\/fsnv.univ-chlef.dz\/index.php?rest_route=%2Fwp%2Fv2%2Fcomments&post=7202"}],"version-history":[{"count":3,"href":"https:\/\/fsnv.univ-chlef.dz\/index.php?rest_route=\/wp\/v2\/pages\/7202\/revisions"}],"predecessor-version":[{"id":9963,"href":"https:\/\/fsnv.univ-chlef.dz\/index.php?rest_route=\/wp\/v2\/pages\/7202\/revisions\/9963"}],"up":[{"embeddable":true,"href":"https:\/\/fsnv.univ-chlef.dz\/index.php?rest_route=\/wp\/v2\/pages\/268"}],"wp:attachment":[{"href":"https:\/\/fsnv.univ-chlef.dz\/index.php?rest_route=%2Fwp%2Fv2%2Fmedia&parent=7202"}],"curies":[{"name":"wp","href":"https:\/\/api.w.org\/{rel}","templated":true}]}}