{"id":6849,"date":"2021-10-24T17:13:48","date_gmt":"2021-10-24T14:13:48","guid":{"rendered":"https:\/\/www.univ-chlef.dz\/fsnv\/?page_id=6849"},"modified":"2021-10-24T17:19:04","modified_gmt":"2021-10-24T14:19:04","slug":"departement-de-biotechnologie","status":"publish","type":"page","link":"https:\/\/fsnv.univ-chlef.dz\/?page_id=6849","title":{"rendered":"D\u00e9partement de Biotechnologie"},"content":{"rendered":"\n<h4 class=\"wp-block-heading\"><strong>Il &nbsp;a pour objectifs&nbsp;de<\/strong>:<\/h4>\n\n\n\n<p>\u2013&nbsp;assurer une formation scientifique, culturelle et professionnelle dans &nbsp;la fili\u00e8re  de Biotechnologie,<\/p>\n\n\n\n<p>\u2013&nbsp;d\u00e9velopper l\u2019acquisition et la transmission des connaissances, du savoir et des savoir-faire en  Biotechnologie,<\/p>\n\n\n\n<p>\u2013&nbsp;de participer \u00e0 des actions de collaboration avec le secteur socio-\u00e9conomique et de conseiller les grands organismes publics ou priv\u00e9s sur toute question int\u00e9ressant ses domaines de comp\u00e9tences,<\/p>\n\n\n\n<p>\u2013&nbsp;de contribuer \u00e0 des actions nationales et internationales de coop\u00e9ration concernant la Biotechnologie.<\/p>\n\n\n\n<p><strong>Deux sp\u00e9cialit\u00e9s sont ouvertes pour les \u00e9tudiants admis du tronc commun 2\u00e8m ann\u00e9e&nbsp;Fili\u00e8re Biotechnologie&nbsp;:<\/strong><\/p>\n\n\n\n<ul class=\"wp-block-list\"><li><strong><span class=\"has-inline-color has-vivid-red-color\">Biotechnologie Microbienne<\/span><\/strong><\/li><\/ul>\n\n\n\n<p>\u2013Objectifs de formation&nbsp;:<strong>&nbsp;&nbsp;&nbsp;<\/strong>La connaissance de la biodiversit\u00e9 microbienne, pour caract\u00e9riser les nouvelles mol\u00e9cules ayant des propri\u00e9t\u00e9s int\u00e9ressantes dans les milieux pharmaceutiques et\/ou industriels, offre une possibilit\u00e9 d\u2019orientation vers de nombreux autres secteurs d\u2019activit\u00e9 en fonction des options choisies par les \u00e9tudiants (g\u00e9nie biologique, agroalimentaire, environnemental, industriels\u2026..).<\/p>\n\n\n\n<p><strong>&nbsp;<span class=\"has-inline-color has-vivid-red-color\">Biotechnologie V\u00e9g\u00e9tale Et Am\u00e9lioration<\/span><\/strong><\/p>\n\n\n\n<p>\u2013Objectifs de formation&nbsp;:<strong>&nbsp;&nbsp;&nbsp;<\/strong>\u00c0 travers cette formation l\u2019\u00e9tudiant sera capable de maitriser l\u2019implication des \u00eatres microscopiques dans l\u2019\u00e9laboration de nouvelles mol\u00e9cules recombinantes, l\u2019am\u00e9lioration de la qualit\u00e9 organoleptique des aliments, l\u2019am\u00e9lioration des v\u00e9g\u00e9taux et l\u2019augmentation du rendement dans le domaine agricole\u2026 Etc. \u00c0 la fin de cette formation l\u2019\u00e9tudiant devra \u00eatre capable d\u2019analyser et d\u2018extrapoler ses diff\u00e9rentes connaissances sur le domaine agro-industriel, et cela toute en maitrisant les diff\u00e9rents outils fournis durant cette formation tels que les techniques de biologie mol\u00e9culaire et du g\u00e9nie g\u00e9n\u00e9tique, les proc\u00e9d\u00e9s de fermentation ainsi que les diff\u00e9rents outils d\u2019analyse mis \u00e0 disposition des \u00e9tudiants.<\/p>\n\n\n\n<p><strong><u><span class=\"has-inline-color has-pale-pink-color\">Master<\/span><\/u><\/strong><\/p>\n\n\n\n<ul class=\"wp-block-list\"><li><strong><span class=\"has-inline-color has-vivid-purple-color\">Biotechnologie Microbienne<\/span><\/strong><\/li><\/ul>\n\n\n\n<p>\u2013Objectifs de formation&nbsp;:<strong>&nbsp;&nbsp;&nbsp;<\/strong>La formation vise \u00e0 former des prospecteurs et conseillers en biotechnologie microbienne, des chercheurs et des cadres afin de soutenir la dynamique de recherche dans le secteur des Sciences de la biotechnologie v\u00e9g\u00e9tale, de la biotechnologie microbienne, de la microbiologie, des Productions et de la sant\u00e9 et Acqu\u00e9rir des connaissances th\u00e9oriques sur les principaux m\u00e9tabolites primaires et secondaire des plantes, les technologie et les microorganismes.<\/p>\n\n\n\n<p> <li><strong><span class=\"has-inline-color has-vivid-purple-color\">Biotechnologie V\u00e9g\u00e9tale<\/span><\/strong><\/li> <\/p>\n","protected":false},"excerpt":{"rendered":"<p>Il &nbsp;a pour objectifs&nbsp;de: \u2013&nbsp;assurer une formation scientifique, culturelle et professionnelle dans &nbsp;la fili\u00e8re de Biotechnologie, \u2013&nbsp;d\u00e9velopper l\u2019acquisition et la [&hellip;]<\/p>\n","protected":false},"author":1,"featured_media":0,"parent":260,"menu_order":0,"comment_status":"closed","ping_status":"closed","template":"","meta":{"_uag_custom_page_level_css":"","site-sidebar-layout":"default","site-content-layout":"","ast-site-content-layout":"default","site-content-style":"default","site-sidebar-style":"default","ast-global-header-display":"","ast-banner-title-visibility":"","ast-main-header-display":"","ast-hfb-above-header-display":"","ast-hfb-below-header-display":"","ast-hfb-mobile-header-display":"","site-post-title":"","ast-breadcrumbs-content":"","ast-featured-img":"","footer-sml-layout":"","ast-disable-related-posts":"","theme-transparent-header-meta":"","adv-header-id-meta":"","stick-header-meta":"","header-above-stick-meta":"","header-main-stick-meta":"","header-below-stick-meta":"","astra-migrate-meta-layouts":"default","ast-page-background-enabled":"default","ast-page-background-meta":{"desktop":{"background-color":"var(--ast-global-color-5)","background-image":"","background-repeat":"repeat","background-position":"center center","background-size":"auto","background-attachment":"scroll","background-type":"","background-media":"","overlay-type":"","overlay-color":"","overlay-opacity":"","overlay-gradient":""},"tablet":{"background-color":"","background-image":"","background-repeat":"repeat","background-position":"center center","background-size":"auto","background-attachment":"scroll","background-type":"","background-media":"","overlay-type":"","overlay-color":"","overlay-opacity":"","overlay-gradient":""},"mobile":{"background-color":"","background-image":"","background-repeat":"repeat","background-position":"center center","background-size":"auto","background-attachment":"scroll","background-type":"","background-media":"","overlay-type":"","overlay-color":"","overlay-opacity":"","overlay-gradient":""}},"ast-content-background-meta":{"desktop":{"background-color":"var(--ast-global-color-4)","background-image":"","background-repeat":"repeat","background-position":"center center","background-size":"auto","background-attachment":"scroll","background-type":"","background-media":"","overlay-type":"","overlay-color":"","overlay-opacity":"","overlay-gradient":""},"tablet":{"background-color":"var(--ast-global-color-4)","background-image":"","background-repeat":"repeat","background-position":"center center","background-size":"auto","background-attachment":"scroll","background-type":"","background-media":"","overlay-type":"","overlay-color":"","overlay-opacity":"","overlay-gradient":""},"mobile":{"background-color":"var(--ast-global-color-4)","background-image":"","background-repeat":"repeat","background-position":"center center","background-size":"auto","background-attachment":"scroll","background-type":"","background-media":"","overlay-type":"","overlay-color":"","overlay-opacity":"","overlay-gradient":""}},"footnotes":""},"class_list":["post-6849","page","type-page","status-publish","hentry"],"uagb_featured_image_src":{"full":false,"thumbnail":false,"medium":false,"medium_large":false,"large":false,"1536x1536":false,"2048x2048":false},"uagb_author_info":{"display_name":"adminfsnv82","author_link":"https:\/\/fsnv.univ-chlef.dz\/?author=1"},"uagb_comment_info":0,"uagb_excerpt":"Il &nbsp;a pour objectifs&nbsp;de: \u2013&nbsp;assurer une formation scientifique, culturelle et professionnelle dans &nbsp;la fili\u00e8re de Biotechnologie, \u2013&nbsp;d\u00e9velopper l\u2019acquisition et la [&hellip;]","_links":{"self":[{"href":"https:\/\/fsnv.univ-chlef.dz\/index.php?rest_route=\/wp\/v2\/pages\/6849","targetHints":{"allow":["GET"]}}],"collection":[{"href":"https:\/\/fsnv.univ-chlef.dz\/index.php?rest_route=\/wp\/v2\/pages"}],"about":[{"href":"https:\/\/fsnv.univ-chlef.dz\/index.php?rest_route=\/wp\/v2\/types\/page"}],"author":[{"embeddable":true,"href":"https:\/\/fsnv.univ-chlef.dz\/index.php?rest_route=\/wp\/v2\/users\/1"}],"replies":[{"embeddable":true,"href":"https:\/\/fsnv.univ-chlef.dz\/index.php?rest_route=%2Fwp%2Fv2%2Fcomments&post=6849"}],"version-history":[{"count":2,"href":"https:\/\/fsnv.univ-chlef.dz\/index.php?rest_route=\/wp\/v2\/pages\/6849\/revisions"}],"predecessor-version":[{"id":6851,"href":"https:\/\/fsnv.univ-chlef.dz\/index.php?rest_route=\/wp\/v2\/pages\/6849\/revisions\/6851"}],"up":[{"embeddable":true,"href":"https:\/\/fsnv.univ-chlef.dz\/index.php?rest_route=\/wp\/v2\/pages\/260"}],"wp:attachment":[{"href":"https:\/\/fsnv.univ-chlef.dz\/index.php?rest_route=%2Fwp%2Fv2%2Fmedia&parent=6849"}],"curies":[{"name":"wp","href":"https:\/\/api.w.org\/{rel}","templated":true}]}}