{"id":213,"date":"2017-01-11T02:15:15","date_gmt":"2017-01-10T23:15:15","guid":{"rendered":"http:\/\/www.univ-chlef.dz\/FSEI\/?page_id=213"},"modified":"2019-10-23T16:46:23","modified_gmt":"2019-10-23T13:46:23","slug":"departement-de-physique","status":"publish","type":"page","link":"https:\/\/fsnv.univ-chlef.dz\/?page_id=213","title":{"rendered":"D\u00e9partement de Biologie"},"content":{"rendered":"<h3><img loading=\"lazy\" decoding=\"async\" class=\"alignnone  wp-image-1456\" src=\"https:\/\/fsnv.univ-chlef.dz\/wp-content\/uploads\/images-3-1.jpg\" alt=\"\" width=\"422\" height=\"281\" \/><\/h3>\n<h3><span style=\"color: #ff0000;\"><strong>Pr\u00e9sentation<\/strong><\/span><\/h3>\n<p>Le d\u00e9partement Biologie de la Facult\u00e9 des Sciences de la Nature et de Vie (SNV) a \u00e9t\u00e9 cr\u00e9\u00e9 suite \u00e0 un <strong>arr\u00eat\u00e9 minist\u00e9riel \u00a0<\/strong>N\u00b0<strong>495<\/strong> du <strong>30\/05\/2016<\/strong>. Il est compos\u00e9 d&rsquo;une trentaine d&rsquo;enseignants-chercheurs\u00a0sp\u00e9cialistes organis\u00e9s en \u00e9quipes p\u00e9dagogiques et appartenant \u00e0 des laboratoires de recherche des diff\u00e9rentes disciplines des sciences biologiques.\u00a0 Il vise \u00e0 former des sp\u00e9cialistes en premier cycle (Licence) et deuxi\u00e8me cycle (Master) avec des connaissances et des comp\u00e9tences\u00a0 requises et n\u00e9cessaires dans les secteurs professionnels.<\/p>\n<h3><strong>\u00a0Il \u00a0a pour objectifs\u00a0de:\u00a0<\/strong><\/h3>\n<ul>\n<li>assurer une formation scientifique, culturelle et professionnelle dans\u00a0 la fili\u00e8re des sciences biologiques.<\/li>\n<li>d\u00e9velopper l&rsquo;acquisition et la transmission des connaissances, du savoir et des savoir-faire en biologie.<\/li>\n<li>de participer \u00e0 des actions de collaboration avec le secteur socio-\u00e9conomique et de conseiller les grands organismes publics ou priv\u00e9s sur toute question int\u00e9ressant ses domaines de comp\u00e9tences.<\/li>\n<li>de contribuer \u00e0 des actions nationales et internationales de coop\u00e9ration concernant la biologie.<\/li>\n<\/ul>\n<h3><\/h3>\n<p><!--more--><\/p>\n<h3><span style=\"color: #ff0000;\"><strong>Organisation<\/strong><\/span><\/h3>\n<table width=\"981\">\n<tbody>\n<tr>\n<td width=\"381\">\u00a0<strong>Contact\u00a0<\/strong><strong>T\u00e9l\/Fax\u00a0:<\/strong> 027.72.43.23<\/td>\n<td width=\"281\">\u00a0<strong>Email<\/strong> :\u00a0<a href=\"mailto:departbio@univhb-chlef.dz\">departbio@univhb-chlef.dz<\/a><\/td>\n<\/tr>\n<tr>\n<td width=\"391\"><strong>Mr.Mokhtari D.<\/strong><\/p>\n<p>Chef de d\u00e9partement<\/td>\n<td width=\"281\"><strong>Email<\/strong> :<\/td>\n<\/tr>\n<tr>\n<td width=\"391\"><strong>Mme. Saiah H.<\/strong><\/p>\n<p>Adjoint au chef de d\u00e9partement charg\u00e9 de la p\u00e9dagogie<\/td>\n<td width=\"281\"><strong>Email<\/strong>\u00a0:<\/td>\n<\/tr>\n<tr>\n<td width=\"391\"><strong>Mr. Driche H. <\/strong><\/p>\n<p>Chef de fili\u00e8re Sciences Biologiques<\/td>\n<td width=\"281\"><strong>Email<\/strong>\u00a0: <a href=\"mailto:e.driche@yahoo.com\">e.driche@yahoo.com<\/a><\/td>\n<\/tr>\n<tr>\n<td width=\"391\"><strong>Mr. Bendjabeur S.<\/strong><\/p>\n<p>Chef d\u2019option \u00a0de Biochimie appliqu\u00e9e<\/td>\n<td width=\"281\"><strong>Email<\/strong>\u00a0: <a href=\"mailto:bendjabeur.s@gmail.com\">bendjabeur.s@gmail.com<\/a><\/td>\n<\/tr>\n<tr>\n<td width=\"391\"><strong>Mr.Boukebcha M. <\/strong><\/p>\n<p>Chef d\u2019option de Toxicologie<\/td>\n<td width=\"281\"><strong>Email<\/strong>\u00a0:<a href=\"mailto:bouka_02@yahoo.fr\">bouka_02@yahoo.fr<\/a><\/td>\n<\/tr>\n<tr>\n<td width=\"391\"><strong>Mme.\u00a0 Ziani M.<\/strong><\/p>\n<p>Chef d\u2019option de Biologie mol\u00e9culaire des microorganismes<\/td>\n<td width=\"281\"><strong>Email<\/strong>\u00a0: <a href=\"mailto:mouna_z@yahoo.fr\">mouna_z@yahoo.fr<\/a><strong>Comit\u00e9 scientifique<\/strong><\/td>\n<\/tr>\n<\/tbody>\n<\/table>\n<h3>Comit\u00e9 scientifique<\/h3>\n<p>Le comit\u00e9 scientifique du d\u00e9partement de Biologie (<strong>arr\u00eat\u00e9 minist\u00e9riel N\u00b01615 du 17\/10\/2016<\/strong>\u00a0) est compos\u00e9 de\u00a0:<\/p>\n<table width=\"981\">\n<tbody>\n<tr>\n<td width=\"381\"><strong>M. ABBABOU Ada.\u00a0<\/strong>Ma\u00eetre de conf\u00e9rences A. pr\u00e9sident de SCD.<\/td>\n<td width=\"281\"><strong>Email\u00a0:<\/strong> \u00a0<a href=\"mailto:ab_adda@yahoo.fr\">ab_adda@yahoo.fr<\/a><\/td>\n<\/tr>\n<tr>\n<td width=\"381\"><strong>M. Achour Taieb.<\/strong> Ma\u00eetre assistant \u00a0A. chef de d\u00e9partement.<\/td>\n<td width=\"281\"><strong>Email\u00a0: \u00a0<\/strong><a href=\"mailto:achourt@gmx.fr\">achourt@gmx.fr<\/a><\/td>\n<\/tr>\n<tr>\n<td width=\"381\"><strong>M. Sebaihia Mohamed.<\/strong>\u00a0 Ma\u00eetre de conf\u00e9rences A. membre.<\/td>\n<td width=\"281\"><strong>Email\u00a0: \u00a0<\/strong><a href=\"mailto:moseb02@gmail.com\">moseb02@gmail.com<\/a><\/td>\n<\/tr>\n<tr>\n<td width=\"381\"><strong>M. Saddoud Mohamed.<\/strong> Ma\u00eetre de conf\u00e9rences A. membre.<\/td>\n<td width=\"281\"><strong>Email\u00a0: \u00a0<\/strong><a href=\"mailto:m_sadoud@yahoo.fr\">m_sadoud@yahoo.fr<\/a><\/td>\n<\/tr>\n<tr>\n<td width=\"381\"><strong>Mme. Zidane Azdinia.<\/strong>\u00a0 Ma\u00eetre de conf\u00e9rences B. membre.<\/td>\n<td width=\"281\"><strong>Email\u00a0: \u00a0<\/strong><a href=\"mailto:zidaneaziza@yahoo.fr\">zidaneaziza@yahoo.fr<\/a><\/td>\n<\/tr>\n<tr>\n<td width=\"381\"><strong>M. Driche ElHadj.<\/strong>\u00a0 Ma\u00eetre de conf\u00e9rences B. membre.<\/td>\n<td width=\"281\"><strong>Email\u00a0: <\/strong>\u00a0<a href=\"mailto:e.driche@yahoo.com\">e.driche@yahoo.com<\/a><\/td>\n<\/tr>\n<tr>\n<td width=\"381\"><strong>M. Bendjabeur Salah.<\/strong> \u00a0Ma\u00eetre assistant \u00a0A. membre.<\/td>\n<td width=\"281\"><strong>Email\u00a0: <\/strong><a href=\"mailto:bendjabeur.s@gmail.com\">bendjabeur.s@gmail.com<\/a><\/td>\n<\/tr>\n<tr>\n<td width=\"381\"><strong>M. Boukebcha Maamer.<\/strong> Ma\u00eetre assistant \u00a0A. membre<\/td>\n<td width=\"281\"><strong>Email\u00a0: <\/strong>\u00a0<a href=\"mailto:bouka_02@yahoo.fr\">bouka_02@yahoo.fr<\/a><\/td>\n<\/tr>\n<\/tbody>\n<\/table>\n<h3><span style=\"color: #ff0000;\"><strong>Infrastructures p\u00e9dagogiques:<\/strong><\/span><\/h3>\n<h4 style=\"margin: 0cm; margin-bottom: .0001pt; background: #FDFDFD;\"><span style=\"color: #333333; background: white;\">le d\u00e9partement assure l\u2019enseignement au niveau des locaux suivants\u00a0:<\/span><\/h4>\n<ol>\n<li style=\"margin: 0cm; margin-bottom: .0001pt; background: #FDFDFD;\">\n<h4><span style=\"color: #333333; background: white;\">01 amphith\u00e9\u00e2tre 200 places<\/span><\/h4>\n<\/li>\n<li style=\"margin: 0cm; margin-bottom: .0001pt; background: #FDFDFD;\">\n<h4><span style=\"color: #333333; background: white;\">07 salles de 70 places (cours)<\/span><\/h4>\n<\/li>\n<li style=\"margin: 0cm; margin-bottom: .0001pt; background: #FDFDFD;\">\n<h4><span style=\"color: #333333; background: white;\">12 salles de 40 places (TD)<\/span><\/h4>\n<\/li>\n<li style=\"margin: 0cm; margin-bottom: .0001pt; background: #FDFDFD;\">\n<h4><span style=\"color: #333333; background: white;\">06 laboratoires p\u00e9dagogiques<\/span><\/h4>\n<\/li>\n<li style=\"margin: 0cm; margin-bottom: .0001pt; background: #FDFDFD;\">\n<h4><span style=\"color: #333333; background: white;\">01 salle informatique<\/span><\/h4>\n<\/li>\n<li style=\"margin: 0cm; margin-bottom: .0001pt; background: #FDFDFD;\">\n<h4><span style=\"color: #333333; background: white;\">01 salle Biblioth\u00e8que<\/span><\/h4>\n<\/li>\n<\/ol>\n<h3><span style=\"color: #ff0000;\"><strong>Laboratoire ou unit\u00e9 de recherche:\u00a0<\/strong><\/span><\/h3>\n<h4><strong>Laboratoire de Biologie Mol\u00e9culaire, g\u00e9nomique et bioinformatique\u00a0: <\/strong><\/h4>\n<ul>\n<li>Responsable Mr Sebaihia Mohammed.<\/li>\n<\/ul>\n<h4><strong>Laboratoire de Bioressources Naturelles et locales\u00a0:<\/strong><\/h4>\n<ul>\n<li>Responsable, Mr Aichouni Ahmed.<\/li>\n<\/ul>\n<h3><span style=\"color: #ff0000;\">Formation:<\/span><\/h3>\n<p style=\"margin: 0cm; margin-bottom: .0001pt; text-align: justify; background: #FDFDFD;\"><span style=\"color: #424242;\">Le d\u00e9partement propose plusieurs formations (Licence, Master et Doctorat) dans la fili\u00e8re des Sciences Biologiques:<\/span><\/p>\n<ul>\n<li>\n<h3><span style=\"color: #0000ff;\">Licence:<\/span><\/h3>\n<\/li>\n<\/ul>\n<p style=\"margin: 0cm; margin-bottom: .0001pt; text-align: justify; background: #FDFDFD;\"><span style=\"color: #424242;\">Quatre sp\u00e9cialit\u00e9s de type acad\u00e9mique sont ouvertes pour les \u00e9tudiants admis du\u00a0<strong>2\u00e8m<\/strong> ann\u00e9e de la fili\u00e8re des Sciences Biologiques\u00a0:<\/span><\/p>\n<ul>\n<li>\n<h5><span style=\"color: #0000ff;\"><strong>Microbiologie<\/strong><\/span><\/h5>\n<\/li>\n<\/ul>\n<p>La sp\u00e9cialit\u00e9 microbiologie propose des enseignements de bact\u00e9riologie, de virologie, et de microbiologie des eucaryotes et aussi de parasitologie et de mycologie. Cette sp\u00e9cialit\u00e9 entend former les \u00e9tudiants aux enjeux actuels de la microbiologie \u00e0 la fois dans les domaines fondamentaux (g\u00e9n\u00e9tique, expression des g\u00e9nomes, physiologie), m\u00e9dicaux (interactions h\u00f4te pathog\u00e8nes, physiopathologie, prophylaxie, approches th\u00e9rapeutiques) et appliqu\u00e9s (utilisation industrielle des microorganismes, \u00e9cologie microbienne, microbiologie environnementale).<\/p>\n<ul>\n<li>\n<h5><span style=\"color: #0000ff;\"><strong>Biologie mol\u00e9culaire<\/strong><\/span><\/h5>\n<\/li>\n<\/ul>\n<p style=\"margin: 0cm; margin-bottom: .0001pt; text-align: justify; background: #FDFDFD;\"><span style=\"font-size: 10.0pt; color: #424242;\">Cette formation apporte \u00e0 l&rsquo;\u00e9tudiant des connaissances fondamentales solides sur les m\u00e9canismes mol\u00e9culaires impliqu\u00e9s dans le maintien, la transmission et l&rsquo;utilisation de l&rsquo;information g\u00e9n\u00e9tique, et Conna\u00eetre les outils pour extraire et exploiter les donn\u00e9es issues de la g\u00e9nomique. Acqu\u00e9rir un esprit critique et \u00eatre capable d&rsquo;analyser des r\u00e9sultats d&rsquo;exp\u00e9riences. Acqu\u00e9rir une connaissance des techniques utilis\u00e9es pour localiser les macromol\u00e9cules dans la cellule, les purifier et les analyser.<\/span><\/p>\n<ul>\n<li style=\"margin: 0cm; margin-bottom: .0001pt; text-align: justify; background: #FDFDFD;\">\n<h5><span style=\"color: #0000ff;\"><strong>Biochimie<\/strong><\/span><\/h5>\n<\/li>\n<\/ul>\n<p>Cette formation vise \u00e0 fournir une formation pluridisciplinaire destin\u00e9e \u00e0 former des sp\u00e9cialistes en biochimie, cette sp\u00e9cialit\u00e9 expose les bases de biochimie m\u00e9tabolique n\u00e9cessaire \u00e0 la compr\u00e9hension de la physiopathologie puis l\u2019ensemble des explorations biochimiques combinant les sciences fondamentales et la science clinique.<\/p>\n<p>La cr\u00e9ation de cette licence au sein de l\u2019UHB de Chlef, r\u00e9pondra au d\u00e9veloppement des informations et de l\u2019exploration\u00a0 dans le domaine biologique, et pr\u00e9parer une licence fondamentale \u00e0 l&rsquo;exercice de la biochimie en milieu hospitalier.<\/p>\n<ul>\n<li style=\"margin: 0cm; margin-bottom: .0001pt; text-align: justify; background: #FDFDFD;\">\n<h5><span style=\"color: #0000ff;\"><strong>Physiologie et physiologie animale<\/strong><\/span><\/h5>\n<\/li>\n<\/ul>\n<p>Cette formation apporte \u00e0 l&rsquo;\u00e9tudiant un profil de formation solide dans une discipline parmi les sciences du vivant tant de laboratoires que de terrain. Elle vise \u00e0 ouvrir des perspectives vers des profils de formation et de m\u00e9tiers dans lesquels la connaissance des probl\u00e8mes biologiques et Physiologiques est importante. Cette discipline a pour objectif une formation ayant un large spectre de connaissances et de comp\u00e9tences en biologie et en physiologie animales permettant une ouverture vers des secteurs tr\u00e8s vari\u00e9s : agronomique, v\u00e9t\u00e9rinaire, biom\u00e9dical, di\u00e9t\u00e9tique, pharmaceutique, agroalimentaire, biotechnologie, environnement\u2026..etc.<\/p>\n<h4 style=\"margin: 0cm; margin-bottom: .0001pt; text-align: justify; background: #FDFDFD;\"><span style=\"color: #993300;\"><b>Chaque licence ouvre droit \u00e0 son master correspondant, entre autre\u00a0:<\/b><\/span><\/h4>\n<ul>\n<li>\n<h5><span style=\"color: #000000;\"><strong>Microbiologie.<\/strong><\/span><\/h5>\n<\/li>\n<li>\n<h5><strong>Biologie Mol\u00e9culaire des microorganismes.<\/strong><\/h5>\n<\/li>\n<li>\n<h5><strong>Biochimie Appliqu\u00e9e.<\/strong><\/h5>\n<\/li>\n<li>\n<h5><strong>Biologie et physiologie de la\u00a0r<\/strong><b>eproduction.<\/b><\/h5>\n<\/li>\n<\/ul>\n<p>Le master en Biologie et physiologie de la Reproduction offre un enseignement li\u00e9 aspects fondamentaux et appliqu\u00e9s de la biologie de la reproduction, qui est une science en constante \u00e9volution et dont les applications font appel \u00e0 des connaissances fondamentales de biologie cellulaire, de biologie mol\u00e9culaire, de physiologie int\u00e9gr\u00e9e et de g\u00e9n\u00e9tique. Elle concerne \u00e0 la fois le monde animal, que ce soit dans le cadre de l&rsquo;\u00e9levage que dans le cadre de la faune sauvage et la sant\u00e9 humaine par le biais des centres de procr\u00e9ation m\u00e9dicalement assist\u00e9e (PMA).<\/p>\n<ul>\n<li>\n<h5><span style=\"color: #0000ff;\"><strong>Toxicologie.<\/strong><\/span><\/h5>\n<\/li>\n<\/ul>\n<p>le master de toxicologie est aussi ouvert aux licences de Microbiologie, Biochimie et Biologie Mol\u00e9culaire<strong>.<\/strong><\/p>\n<p>Ce master con\u00e7u pour former des professionnels capables de se rep\u00e9rer dans la complexit\u00e9 du domaine de la sant\u00e9 professionnelle et environnementale, dans un sens le plus large, la formation en \u00abtoxicologie\u00a0\u00bb comprend un programme fond\u00e9 sur l\u2019interdisciplinarit\u00e9, afin de fournir une vision r\u00e9aliste et compl\u00e8te du processus d\u2019\u00e9valuation et de gestion des risques sanitaires dus aux d\u00e9terminants environnementaux.<\/p>\n<p>Le d\u00e9partement assure aussi la gestion p\u00e9dagogique des formations de la Fili\u00e8re Sciences Alimentaires\u00a0:<\/p>\n<p>la licence alimentation, nutrition et pathologie et le master Biologie de la nutrition.<\/p>\n","protected":false},"excerpt":{"rendered":"<p>Pr\u00e9sentation Le d\u00e9partement Biologie de la Facult\u00e9 des Sciences de la Nature et de Vie (SNV) a \u00e9t\u00e9 cr\u00e9\u00e9 suite [&hellip;]<\/p>\n","protected":false},"author":6,"featured_media":0,"parent":260,"menu_order":0,"comment_status":"closed","ping_status":"closed","template":"","meta":{"_uag_custom_page_level_css":"","site-sidebar-layout":"default","site-content-layout":"","ast-site-content-layout":"default","site-content-style":"default","site-sidebar-style":"default","ast-global-header-display":"","ast-banner-title-visibility":"","ast-main-header-display":"","ast-hfb-above-header-display":"","ast-hfb-below-header-display":"","ast-hfb-mobile-header-display":"","site-post-title":"","ast-breadcrumbs-content":"","ast-featured-img":"","footer-sml-layout":"","ast-disable-related-posts":"","theme-transparent-header-meta":"","adv-header-id-meta":"","stick-header-meta":"","header-above-stick-meta":"","header-main-stick-meta":"","header-below-stick-meta":"","astra-migrate-meta-layouts":"default","ast-page-background-enabled":"default","ast-page-background-meta":{"desktop":{"background-color":"var(--ast-global-color-5)","background-image":"","background-repeat":"repeat","background-position":"center center","background-size":"auto","background-attachment":"scroll","background-type":"","background-media":"","overlay-type":"","overlay-color":"","overlay-opacity":"","overlay-gradient":""},"tablet":{"background-color":"","background-image":"","background-repeat":"repeat","background-position":"center center","background-size":"auto","background-attachment":"scroll","background-type":"","background-media":"","overlay-type":"","overlay-color":"","overlay-opacity":"","overlay-gradient":""},"mobile":{"background-color":"","background-image":"","background-repeat":"repeat","background-position":"center center","background-size":"auto","background-attachment":"scroll","background-type":"","background-media":"","overlay-type":"","overlay-color":"","overlay-opacity":"","overlay-gradient":""}},"ast-content-background-meta":{"desktop":{"background-color":"var(--ast-global-color-4)","background-image":"","background-repeat":"repeat","background-position":"center center","background-size":"auto","background-attachment":"scroll","background-type":"","background-media":"","overlay-type":"","overlay-color":"","overlay-opacity":"","overlay-gradient":""},"tablet":{"background-color":"var(--ast-global-color-4)","background-image":"","background-repeat":"repeat","background-position":"center center","background-size":"auto","background-attachment":"scroll","background-type":"","background-media":"","overlay-type":"","overlay-color":"","overlay-opacity":"","overlay-gradient":""},"mobile":{"background-color":"var(--ast-global-color-4)","background-image":"","background-repeat":"repeat","background-position":"center center","background-size":"auto","background-attachment":"scroll","background-type":"","background-media":"","overlay-type":"","overlay-color":"","overlay-opacity":"","overlay-gradient":""}},"footnotes":""},"class_list":["post-213","page","type-page","status-publish","hentry"],"uagb_featured_image_src":{"full":false,"thumbnail":false,"medium":false,"medium_large":false,"large":false,"1536x1536":false,"2048x2048":false},"uagb_author_info":{"display_name":"","author_link":"https:\/\/fsnv.univ-chlef.dz\/?author=6"},"uagb_comment_info":0,"uagb_excerpt":"Pr\u00e9sentation Le d\u00e9partement Biologie de la Facult\u00e9 des Sciences de la Nature et de Vie (SNV) a \u00e9t\u00e9 cr\u00e9\u00e9 suite [&hellip;]","_links":{"self":[{"href":"https:\/\/fsnv.univ-chlef.dz\/index.php?rest_route=\/wp\/v2\/pages\/213","targetHints":{"allow":["GET"]}}],"collection":[{"href":"https:\/\/fsnv.univ-chlef.dz\/index.php?rest_route=\/wp\/v2\/pages"}],"about":[{"href":"https:\/\/fsnv.univ-chlef.dz\/index.php?rest_route=\/wp\/v2\/types\/page"}],"author":[{"embeddable":true,"href":"https:\/\/fsnv.univ-chlef.dz\/index.php?rest_route=\/wp\/v2\/users\/6"}],"replies":[{"embeddable":true,"href":"https:\/\/fsnv.univ-chlef.dz\/index.php?rest_route=%2Fwp%2Fv2%2Fcomments&post=213"}],"version-history":[{"count":10,"href":"https:\/\/fsnv.univ-chlef.dz\/index.php?rest_route=\/wp\/v2\/pages\/213\/revisions"}],"predecessor-version":[{"id":1458,"href":"https:\/\/fsnv.univ-chlef.dz\/index.php?rest_route=\/wp\/v2\/pages\/213\/revisions\/1458"}],"up":[{"embeddable":true,"href":"https:\/\/fsnv.univ-chlef.dz\/index.php?rest_route=\/wp\/v2\/pages\/260"}],"wp:attachment":[{"href":"https:\/\/fsnv.univ-chlef.dz\/index.php?rest_route=%2Fwp%2Fv2%2Fmedia&parent=213"}],"curies":[{"name":"wp","href":"https:\/\/api.w.org\/{rel}","templated":true}]}}