{"id":207,"date":"2017-01-11T02:13:07","date_gmt":"2017-01-10T23:13:07","guid":{"rendered":"http:\/\/www.univ-chlef.dz\/FSEI\/?page_id=207"},"modified":"2026-02-03T17:22:32","modified_gmt":"2026-02-03T14:22:32","slug":"departement-de-tronc-commun-en-sciences-exactes-et-informatique","status":"publish","type":"page","link":"https:\/\/fsnv.univ-chlef.dz\/?page_id=207","title":{"rendered":"D\u00e9partement de Tronc Commun en Sciences de la Nature et de la Vie"},"content":{"rendered":"\n<h3 class=\"wp-block-heading\"><span style=\"color: #ff0000;\"><strong>Pr\u00e9sentation<\/strong><\/span><\/h3>\n\n\n\n<p>Le D\u00e9partement Tronc commune en Sciences de la Nature et de la Vie de la Facult\u00e9 des Sciences de la Nature et de la Vie (SNV) a \u00e9t\u00e9 cr\u00e9\u00e9 suite \u00e0 un arr\u00eat\u00e9 minist\u00e9riel &nbsp;n\u00b0&nbsp;495 (du 30 Mai 2016). Il est compos\u00e9 par des enseignants-chercheurs&nbsp;sp\u00e9cialistes organis\u00e9s en \u00e9quipes p\u00e9dagogiques et appartenant \u00e0 des laboratoires de recherche des diff\u00e9rentes disciplines.<\/p>\n\n\n\n<p><span style=\"color: #333399;\"><strong>Chef D\u00e9partement<\/strong> :<span style=\"color: #000000;\"><span style=\"color: #333399;\"><span style=\"color: #000000;\">Mr.<\/span><\/span><\/span><\/span>BEKAI<span style=\"color: #333399;\"><span style=\"color: #000000;\"> Djelali<\/span><\/span><\/p>\n\n\n\n<p><span style=\"color: #333399;\"><strong>Adjoint <\/strong>:<span style=\"color: #000000;\">Mr. KEHAILI Abd Elkader<\/span><\/span><\/p>\n\n\n\n<p><span style=\"color: #ff0000;\"><a style=\"color: #ff0000;\" href=\"https:\/\/fsnv.univ-chlef.dz\/wp-content\/uploads\/E-mails-des-Enseignants_TCSNV.pdf\"><strong>E-mails des Enseignants_TCSNV<\/strong><\/a><\/span><\/p>\n\n\n\n<p>&nbsp;<\/p>\n","protected":false},"excerpt":{"rendered":"<p>Pr\u00e9sentation Le D\u00e9partement Tronc commune en Sciences de la Nature et de la Vie de la Facult\u00e9 des Sciences de [&hellip;]<\/p>\n","protected":false},"author":6,"featured_media":0,"parent":260,"menu_order":0,"comment_status":"closed","ping_status":"closed","template":"","meta":{"_uag_custom_page_level_css":"","site-sidebar-layout":"default","site-content-layout":"","ast-site-content-layout":"default","site-content-style":"default","site-sidebar-style":"default","ast-global-header-display":"","ast-banner-title-visibility":"","ast-main-header-display":"","ast-hfb-above-header-display":"","ast-hfb-below-header-display":"","ast-hfb-mobile-header-display":"","site-post-title":"","ast-breadcrumbs-content":"","ast-featured-img":"","footer-sml-layout":"","ast-disable-related-posts":"","theme-transparent-header-meta":"","adv-header-id-meta":"","stick-header-meta":"","header-above-stick-meta":"","header-main-stick-meta":"","header-below-stick-meta":"","astra-migrate-meta-layouts":"default","ast-page-background-enabled":"default","ast-page-background-meta":{"desktop":{"background-color":"var(--ast-global-color-5)","background-image":"","background-repeat":"repeat","background-position":"center center","background-size":"auto","background-attachment":"scroll","background-type":"","background-media":"","overlay-type":"","overlay-color":"","overlay-opacity":"","overlay-gradient":""},"tablet":{"background-color":"","background-image":"","background-repeat":"repeat","background-position":"center center","background-size":"auto","background-attachment":"scroll","background-type":"","background-media":"","overlay-type":"","overlay-color":"","overlay-opacity":"","overlay-gradient":""},"mobile":{"background-color":"","background-image":"","background-repeat":"repeat","background-position":"center center","background-size":"auto","background-attachment":"scroll","background-type":"","background-media":"","overlay-type":"","overlay-color":"","overlay-opacity":"","overlay-gradient":""}},"ast-content-background-meta":{"desktop":{"background-color":"var(--ast-global-color-4)","background-image":"","background-repeat":"repeat","background-position":"center center","background-size":"auto","background-attachment":"scroll","background-type":"","background-media":"","overlay-type":"","overlay-color":"","overlay-opacity":"","overlay-gradient":""},"tablet":{"background-color":"var(--ast-global-color-4)","background-image":"","background-repeat":"repeat","background-position":"center center","background-size":"auto","background-attachment":"scroll","background-type":"","background-media":"","overlay-type":"","overlay-color":"","overlay-opacity":"","overlay-gradient":""},"mobile":{"background-color":"var(--ast-global-color-4)","background-image":"","background-repeat":"repeat","background-position":"center center","background-size":"auto","background-attachment":"scroll","background-type":"","background-media":"","overlay-type":"","overlay-color":"","overlay-opacity":"","overlay-gradient":""}},"footnotes":""},"class_list":["post-207","page","type-page","status-publish","hentry"],"uagb_featured_image_src":{"full":false,"thumbnail":false,"medium":false,"medium_large":false,"large":false,"1536x1536":false,"2048x2048":false},"uagb_author_info":{"display_name":"","author_link":"https:\/\/fsnv.univ-chlef.dz\/?author=6"},"uagb_comment_info":0,"uagb_excerpt":"Pr\u00e9sentation Le D\u00e9partement Tronc commune en Sciences de la Nature et de la Vie de la Facult\u00e9 des Sciences de [&hellip;]","_links":{"self":[{"href":"https:\/\/fsnv.univ-chlef.dz\/index.php?rest_route=\/wp\/v2\/pages\/207","targetHints":{"allow":["GET"]}}],"collection":[{"href":"https:\/\/fsnv.univ-chlef.dz\/index.php?rest_route=\/wp\/v2\/pages"}],"about":[{"href":"https:\/\/fsnv.univ-chlef.dz\/index.php?rest_route=\/wp\/v2\/types\/page"}],"author":[{"embeddable":true,"href":"https:\/\/fsnv.univ-chlef.dz\/index.php?rest_route=\/wp\/v2\/users\/6"}],"replies":[{"embeddable":true,"href":"https:\/\/fsnv.univ-chlef.dz\/index.php?rest_route=%2Fwp%2Fv2%2Fcomments&post=207"}],"version-history":[{"count":8,"href":"https:\/\/fsnv.univ-chlef.dz\/index.php?rest_route=\/wp\/v2\/pages\/207\/revisions"}],"predecessor-version":[{"id":10002,"href":"https:\/\/fsnv.univ-chlef.dz\/index.php?rest_route=\/wp\/v2\/pages\/207\/revisions\/10002"}],"up":[{"embeddable":true,"href":"https:\/\/fsnv.univ-chlef.dz\/index.php?rest_route=\/wp\/v2\/pages\/260"}],"wp:attachment":[{"href":"https:\/\/fsnv.univ-chlef.dz\/index.php?rest_route=%2Fwp%2Fv2%2Fmedia&parent=207"}],"curies":[{"name":"wp","href":"https:\/\/api.w.org\/{rel}","templated":true}]}}